{"id":2897,"date":"2024-10-03T18:23:35","date_gmt":"2024-10-03T22:23:35","guid":{"rendered":"https:\/\/entourfamille.ca\/?page_id=2897"},"modified":"2024-10-03T18:29:48","modified_gmt":"2024-10-03T22:29:48","slug":"fermeture","status":"publish","type":"page","link":"https:\/\/entourfamille.ca\/fr\/","title":{"rendered":"Fermeture"},"content":{"rendered":"\t\t<div data-elementor-type=\"wp-post\" data-elementor-id=\"2897\" class=\"elementor elementor-2897\">\n\t\t\t\t\t\t<section class=\"elementor-section elementor-top-section elementor-element elementor-element-33c0f2d elementor-section-boxed elementor-section-height-default elementor-section-height-default\" data-id=\"33c0f2d\" data-element_type=\"section\" data-settings=\"{&quot;jet_parallax_layout_list&quot;:[{&quot;jet_parallax_layout_image&quot;:{&quot;url&quot;:&quot;&quot;,&quot;id&quot;:&quot;&quot;,&quot;size&quot;:&quot;&quot;},&quot;_id&quot;:&quot;a9a3c22&quot;,&quot;jet_parallax_layout_speed&quot;:{&quot;unit&quot;:&quot;%&quot;,&quot;size&quot;:50,&quot;sizes&quot;:[]},&quot;jet_parallax_layout_image_tablet&quot;:{&quot;url&quot;:&quot;&quot;,&quot;id&quot;:&quot;&quot;,&quot;size&quot;:&quot;&quot;},&quot;jet_parallax_layout_image_mobile&quot;:{&quot;url&quot;:&quot;&quot;,&quot;id&quot;:&quot;&quot;,&quot;size&quot;:&quot;&quot;},&quot;jet_parallax_layout_type&quot;:&quot;scroll&quot;,&quot;jet_parallax_layout_direction&quot;:null,&quot;jet_parallax_layout_fx_direction&quot;:null,&quot;jet_parallax_layout_z_index&quot;:&quot;&quot;,&quot;jet_parallax_layout_bg_x&quot;:50,&quot;jet_parallax_layout_bg_x_tablet&quot;:&quot;&quot;,&quot;jet_parallax_layout_bg_x_mobile&quot;:&quot;&quot;,&quot;jet_parallax_layout_bg_y&quot;:50,&quot;jet_parallax_layout_bg_y_tablet&quot;:&quot;&quot;,&quot;jet_parallax_layout_bg_y_mobile&quot;:&quot;&quot;,&quot;jet_parallax_layout_bg_size&quot;:&quot;auto&quot;,&quot;jet_parallax_layout_bg_size_tablet&quot;:&quot;&quot;,&quot;jet_parallax_layout_bg_size_mobile&quot;:&quot;&quot;,&quot;jet_parallax_layout_animation_prop&quot;:&quot;transform&quot;,&quot;jet_parallax_layout_on&quot;:[&quot;desktop&quot;,&quot;tablet&quot;]}]}\">\n\t\t\t\t\t\t<div class=\"elementor-container elementor-column-gap-no\">\n\t\t\t\t\t<div class=\"elementor-column elementor-col-100 elementor-top-column elementor-element elementor-element-0888052\" data-id=\"0888052\" data-element_type=\"column\">\n\t\t\t<div class=\"elementor-widget-wrap elementor-element-populated\">\n\t\t\t\t\t\t<div class=\"elementor-element elementor-element-7b77efc elementor-widget elementor-widget-image\" data-id=\"7b77efc\" data-element_type=\"widget\" data-widget_type=\"image.default\">\n\t\t\t\t<div class=\"elementor-widget-container\">\n\t\t\t\t\t\t\t\t\t\t\t\t\t<img fetchpriority=\"high\" decoding=\"async\" width=\"960\" height=\"352\" src=\"https:\/\/entourfamille.ca\/wp-content\/uploads\/2019\/02\/LOGO-RETINA.png\" class=\"attachment-full size-full wp-image-50\" alt=\"\" srcset=\"https:\/\/entourfamille.ca\/wp-content\/uploads\/2019\/02\/LOGO-RETINA.png 960w, https:\/\/entourfamille.ca\/wp-content\/uploads\/2019\/02\/LOGO-RETINA-300x110.png 300w, https:\/\/entourfamille.ca\/wp-content\/uploads\/2019\/02\/LOGO-RETINA-768x282.png 768w\" sizes=\"(max-width: 960px) 100vw, 960px\" \/>\t\t\t\t\t\t\t\t\t\t\t\t\t<\/div>\n\t\t\t\t<\/div>\n\t\t\t\t\t<\/div>\n\t\t<\/div>\n\t\t\t\t\t<\/div>\n\t\t<\/section>\n\t\t\t\t<section class=\"elementor-section elementor-top-section elementor-element elementor-element-eef050e elementor-section-boxed elementor-section-height-default elementor-section-height-default\" data-id=\"eef050e\" data-element_type=\"section\" data-settings=\"{&quot;jet_parallax_layout_list&quot;:[{&quot;jet_parallax_layout_image&quot;:{&quot;url&quot;:&quot;&quot;,&quot;id&quot;:&quot;&quot;,&quot;size&quot;:&quot;&quot;},&quot;_id&quot;:&quot;9c110f6&quot;,&quot;jet_parallax_layout_speed&quot;:{&quot;unit&quot;:&quot;%&quot;,&quot;size&quot;:50,&quot;sizes&quot;:[]},&quot;jet_parallax_layout_image_tablet&quot;:{&quot;url&quot;:&quot;&quot;,&quot;id&quot;:&quot;&quot;,&quot;size&quot;:&quot;&quot;},&quot;jet_parallax_layout_image_mobile&quot;:{&quot;url&quot;:&quot;&quot;,&quot;id&quot;:&quot;&quot;,&quot;size&quot;:&quot;&quot;},&quot;jet_parallax_layout_type&quot;:&quot;scroll&quot;,&quot;jet_parallax_layout_direction&quot;:null,&quot;jet_parallax_layout_fx_direction&quot;:null,&quot;jet_parallax_layout_z_index&quot;:&quot;&quot;,&quot;jet_parallax_layout_bg_x&quot;:50,&quot;jet_parallax_layout_bg_x_tablet&quot;:&quot;&quot;,&quot;jet_parallax_layout_bg_x_mobile&quot;:&quot;&quot;,&quot;jet_parallax_layout_bg_y&quot;:50,&quot;jet_parallax_layout_bg_y_tablet&quot;:&quot;&quot;,&quot;jet_parallax_layout_bg_y_mobile&quot;:&quot;&quot;,&quot;jet_parallax_layout_bg_size&quot;:&quot;auto&quot;,&quot;jet_parallax_layout_bg_size_tablet&quot;:&quot;&quot;,&quot;jet_parallax_layout_bg_size_mobile&quot;:&quot;&quot;,&quot;jet_parallax_layout_animation_prop&quot;:&quot;transform&quot;,&quot;jet_parallax_layout_on&quot;:[&quot;desktop&quot;,&quot;tablet&quot;]}]}\">\n\t\t\t\t\t\t<div class=\"elementor-container elementor-column-gap-no\">\n\t\t\t\t\t<div class=\"elementor-column elementor-col-100 elementor-top-column elementor-element elementor-element-c34fb2e\" data-id=\"c34fb2e\" data-element_type=\"column\">\n\t\t\t<div class=\"elementor-widget-wrap elementor-element-populated\">\n\t\t\t\t\t\t<div class=\"elementor-element elementor-element-be96756 elementor-widget elementor-widget-text-editor\" data-id=\"be96756\" data-element_type=\"widget\" data-widget_type=\"text-editor.default\">\n\t\t\t\t<div class=\"elementor-widget-container\">\n\t\t\t\t\t\t\t<p>Bonjour,<\/p><p>Dans la nature, le cycle des saisons repr\u00e9sente le temps qui passe et la transition vers de nouveaux horizons. En m\u00eame temps que l\u2019arriv\u00e9e de l\u2019automne, la Clinique Entourfamille tire sa r\u00e9v\u00e9rence, apr\u00e8s quatre ann\u00e9es riches en apprentissages et en exp\u00e9riences au service de milliers d\u2019enfants et familles montr\u00e9alaises.<\/p><p>Nous vous \u00e9crivons aujourd\u2019hui pour vous informer que notre clinique va fermer ses portes le 15 octobre 2024, une d\u00e9cision qui a \u00e9t\u00e9 m\u00fbrement r\u00e9fl\u00e9chie. Bien que cette nouvelle entraine la fin de notre offre de services directs, nous nous engageons \u00e0 assurer une transition en douceur pour l\u2019ensemble de nos clients.<\/p><p>Pour des services en sant\u00e9 mentale pour les enfants et les familles, nous vous recommandons de contacter :<\/p><ul><li><em><a href=\"https:\/\/7shnyrrab.cc.rs6.net\/tn.jsp?f=001pOMXz0WR47ORsfLN3PlHWb6hjfzlaO9Vg6iCK8ygLBRkqDEjVmeSKb-gn5H5It0rvz4jyslAMxc-0M8c2nMKD5qhp1Kl1bpgyGkKrfLZ4tzpBIA0JvcX6KdTU--x0Evp8WX96uH2H13cP68QPQq3LM1qyS05Felj&amp;c=sdxnGzKRsS5ITMMs2CgFmOHy9mhwm8uOShpGxNBv2xoFfjExqXRzNA==&amp;ch=52NmZTI2e_I7ouHSscvWv8rcNFb10isBCTyX7X96EIxWZ5EsjZDL9A==\">The Secure Child<\/a><\/em><\/li><li><a href=\"https:\/\/7shnyrrab.cc.rs6.net\/tn.jsp?f=001pOMXz0WR47ORsfLN3PlHWb6hjfzlaO9Vg6iCK8ygLBRkqDEjVmeSKb-gn5H5It0r2XOS3VH6_nvFW6mdjFVVFPlwL_KWjXBz7FfbJMtbDl3Zba9qlo798iIS6IvDhMGH_coWfOkG4NPgF6i379n3ul02edvrR2Qi&amp;c=sdxnGzKRsS5ITMMs2CgFmOHy9mhwm8uOShpGxNBv2xoFfjExqXRzNA==&amp;ch=52NmZTI2e_I7ouHSscvWv8rcNFb10isBCTyX7X96EIxWZ5EsjZDL9A==\">La Clinique de psychoth\u00e9rapie et mieux-\u00eatre <\/a><a href=\"https:\/\/7shnyrrab.cc.rs6.net\/tn.jsp?f=001pOMXz0WR47ORsfLN3PlHWb6hjfzlaO9Vg6iCK8ygLBRkqDEjVmeSKb-gn5H5It0r2XOS3VH6_nvFW6mdjFVVFPlwL_KWjXBz7FfbJMtbDl3Zba9qlo798iIS6IvDhMGH_coWfOkG4NPgF6i379n3ul02edvrR2Qi&amp;c=sdxnGzKRsS5ITMMs2CgFmOHy9mhwm8uOShpGxNBv2xoFfjExqXRzNA==&amp;ch=52NmZTI2e_I7ouHSscvWv8rcNFb10isBCTyX7X96EIxWZ5EsjZDL9A==\"><em>Elevate<\/em><\/a><\/li><li><a href=\"https:\/\/7shnyrrab.cc.rs6.net\/tn.jsp?f=001pOMXz0WR47ORsfLN3PlHWb6hjfzlaO9Vg6iCK8ygLBRkqDEjVmeSKb-gn5H5It0rUpMMCQ-Wmqp2W1bOSnqQlgRA91-u7jOzKHli_CWA5mgNnHDHpvBS7j317jvM3QfXMjU0AdQztW0bAgYyyxiv-NIJvYyUq_Rx&amp;c=sdxnGzKRsS5ITMMs2CgFmOHy9mhwm8uOShpGxNBv2xoFfjExqXRzNA==&amp;ch=52NmZTI2e_I7ouHSscvWv8rcNFb10isBCTyX7X96EIxWZ5EsjZDL9A==\">La Clinique de psychologie D2<\/a><\/li><\/ul><p>Pour des services d\u2019orthophonie et d\u2019ergoth\u00e9rapie, ainsi que des \u00e9valuations, nous vous recommandons de contacter :<\/p><ul><li><a href=\"https:\/\/7shnyrrab.cc.rs6.net\/tn.jsp?f=001pOMXz0WR47ORsfLN3PlHWb6hjfzlaO9Vg6iCK8ygLBRkqDEjVmeSKb-gn5H5It0rFVaVjTl10Bhl5lWGvEUhqfc8YkO6BftC1_HBvbchhrptZfVkQcq8WuiXtAoA4o7JE0GLbyNWfmrW0tMx0vNG5Mp_-LG9rnCh&amp;c=sdxnGzKRsS5ITMMs2CgFmOHy9mhwm8uOShpGxNBv2xoFfjExqXRzNA==&amp;ch=52NmZTI2e_I7ouHSscvWv8rcNFb10isBCTyX7X96EIxWZ5EsjZDL9A==\">Le Centre de la fluidit\u00e9 verbale de Montr\u00e9al<\/a><\/li><li><em><a href=\"https:\/\/7shnyrrab.cc.rs6.net\/tn.jsp?f=001pOMXz0WR47ORsfLN3PlHWb6hjfzlaO9Vg6iCK8ygLBRkqDEjVmeSKb-gn5H5It0rMMPccemmybVKT5RX18nDYPZuiOR6WjT5lVnHwVZc3gl9JkjSs9tKnDVpfMBgnamLQI6zxlVDaFRlbpQEVktP1KRJGW-fpqgJVBDF_oVvP0c=&amp;c=sdxnGzKRsS5ITMMs2CgFmOHy9mhwm8uOShpGxNBv2xoFfjExqXRzNA==&amp;ch=52NmZTI2e_I7ouHSscvWv8rcNFb10isBCTyX7X96EIxWZ5EsjZDL9A==\">Kiddo Active<\/a><\/em><\/li><\/ul><p>Des services de consultation pour les personnes seules, les couples et les familles sont accessibles via notre organisation centrale, <a href=\"https:\/\/7shnyrrab.cc.rs6.net\/tn.jsp?f=001pOMXz0WR47ORsfLN3PlHWb6hjfzlaO9Vg6iCK8ygLBRkqDEjVmeSKb-gn5H5It0riCVKHD9UPJdbv62uEpg8Hv2F-zcLFcL1OzRfT3VLA3gmlCOlp3ayU5exYrD1KqMwMBlEw_W_2V-0Gm-vGMsaRv3qpkvGUwk8Cpuw1lY--Mbct9KfnkLcnJBKMl0xn5rbI9oNumhkGK1OBV8PFeYCtB_rmkfPCqMzqeNu5a31eiVi-JLq9FUSbg8eGAP7tML3&amp;c=sdxnGzKRsS5ITMMs2CgFmOHy9mhwm8uOShpGxNBv2xoFfjExqXRzNA==&amp;ch=52NmZTI2e_I7ouHSscvWv8rcNFb10isBCTyX7X96EIxWZ5EsjZDL9A==\"><strong>l\u2019Agence Ometz<\/strong><\/a>. Depuis plus de 160 ans, cette derni\u00e8re offre des services sociaux et de l\u2019assistance aux personnes qui le souhaitent, pour les aider \u00e0 r\u00e9aliser leur plein potentiel. Si vous voulez continuer \u00e0 recevoir du soutien, nous vous invitons \u00e0 communiquer avec leur \u00e9quipe responsable de la prise en charge par courriel \u00e0 <a href=\"mailto:info@ometz.ca\"><strong>info@ometz.ca<\/strong><\/a>, ou par t\u00e9l\u00e9phone au <a href=\"tel:514-342-0000\"><strong>514-342-0000<\/strong><\/a>. Un membre de leur \u00e9quipe analysera votre situation pour trouver la solution la plus adapt\u00e9e \u00e0 vos besoins.<\/p><p>Nous tenons \u00e0 vous assurer que tous les renseignements personnels ainsi que les dossiers de nos clients continueront \u00e0 \u00eatre conserv\u00e9s de mani\u00e8re confidentielle et en toute s\u00e9curit\u00e9 \u00e0 l\u2019Agence Ometz, selon le r\u00e8glement des ordres professionnels. Si vous souhaitez acc\u00e9der \u00e0 votre dossier \u00e0 l\u2019avenir, vous pouvez le faire en envoyant une demande par \u00e9crit \u00e0 <a href=\"mailto:info@ometz.ca\"><strong>info@ometz.ca<\/strong><\/a>.<\/p><p>La Clinique Entourfamille et l\u2019Agence Ometz vous remercient de votre confiance. Soyez assur\u00e9s que le bien-\u00eatre de votre famille demeure notre priorit\u00e9. Votre soutien nous est pr\u00e9cieux et nous vous souhaitons le meilleur pour la suite. Pour toutes questions ou pr\u00e9occupations, n\u2019h\u00e9sitez pas \u00e0 communiquer avec nous.<\/p>\t\t\t\t\t\t<\/div>\n\t\t\t\t<\/div>\n\t\t\t\t\t<\/div>\n\t\t<\/div>\n\t\t\t\t\t<\/div>\n\t\t<\/section>\n\t\t\t\t<section class=\"elementor-section elementor-top-section elementor-element elementor-element-b219862 elementor-section-boxed elementor-section-height-default elementor-section-height-default\" data-id=\"b219862\" data-element_type=\"section\" data-settings=\"{&quot;jet_parallax_layout_list&quot;:[{&quot;jet_parallax_layout_image&quot;:{&quot;url&quot;:&quot;&quot;,&quot;id&quot;:&quot;&quot;,&quot;size&quot;:&quot;&quot;},&quot;_id&quot;:&quot;59751c4&quot;,&quot;jet_parallax_layout_speed&quot;:{&quot;unit&quot;:&quot;%&quot;,&quot;size&quot;:50,&quot;sizes&quot;:[]},&quot;jet_parallax_layout_image_tablet&quot;:{&quot;url&quot;:&quot;&quot;,&quot;id&quot;:&quot;&quot;,&quot;size&quot;:&quot;&quot;},&quot;jet_parallax_layout_image_mobile&quot;:{&quot;url&quot;:&quot;&quot;,&quot;id&quot;:&quot;&quot;,&quot;size&quot;:&quot;&quot;},&quot;jet_parallax_layout_type&quot;:&quot;scroll&quot;,&quot;jet_parallax_layout_direction&quot;:null,&quot;jet_parallax_layout_fx_direction&quot;:null,&quot;jet_parallax_layout_z_index&quot;:&quot;&quot;,&quot;jet_parallax_layout_bg_x&quot;:50,&quot;jet_parallax_layout_bg_x_tablet&quot;:&quot;&quot;,&quot;jet_parallax_layout_bg_x_mobile&quot;:&quot;&quot;,&quot;jet_parallax_layout_bg_y&quot;:50,&quot;jet_parallax_layout_bg_y_tablet&quot;:&quot;&quot;,&quot;jet_parallax_layout_bg_y_mobile&quot;:&quot;&quot;,&quot;jet_parallax_layout_bg_size&quot;:&quot;auto&quot;,&quot;jet_parallax_layout_bg_size_tablet&quot;:&quot;&quot;,&quot;jet_parallax_layout_bg_size_mobile&quot;:&quot;&quot;,&quot;jet_parallax_layout_animation_prop&quot;:&quot;transform&quot;,&quot;jet_parallax_layout_on&quot;:[&quot;desktop&quot;,&quot;tablet&quot;]}],&quot;background_background&quot;:&quot;classic&quot;}\">\n\t\t\t\t\t\t<div class=\"elementor-container elementor-column-gap-default\">\n\t\t\t\t\t<div class=\"elementor-column elementor-col-100 elementor-top-column elementor-element elementor-element-cbf417e\" data-id=\"cbf417e\" data-element_type=\"column\">\n\t\t\t<div class=\"elementor-widget-wrap elementor-element-populated\">\n\t\t\t\t\t\t<div class=\"elementor-element elementor-element-b33bc02 elementor-widget elementor-widget-text-editor\" data-id=\"b33bc02\" data-element_type=\"widget\" data-widget_type=\"text-editor.default\">\n\t\t\t\t<div class=\"elementor-widget-container\">\n\t\t\t\t\t\t\t<p>De notre <em>famille<\/em> \u00e0 la v\u00f4tre, nous vous souhaitons le meilleur.<\/p>\t\t\t\t\t\t<\/div>\n\t\t\t\t<\/div>\n\t\t\t\t\t<\/div>\n\t\t<\/div>\n\t\t\t\t\t<\/div>\n\t\t<\/section>\n\t\t\t\t<\/div>\n\t\t","protected":false},"excerpt":{"rendered":"<p>Bonjour, Dans la nature, le cycle des saisons repr\u00e9sente le temps qui passe et la transition vers de nouveaux horizons. En m\u00eame temps que l\u2019arriv\u00e9e de l\u2019automne, la Clinique Entourfamille tire sa r\u00e9v\u00e9rence, apr\u00e8s quatre ann\u00e9es riches en apprentissages et en exp\u00e9riences au service de milliers d\u2019enfants et familles montr\u00e9alaises. Nous vous \u00e9crivons aujourd\u2019hui pour [&hellip;]<\/p>\n","protected":false},"author":1,"featured_media":0,"parent":0,"menu_order":0,"comment_status":"closed","ping_status":"closed","template":"full-width.php","meta":{"_acf_changed":false,"footnotes":""},"class_list":["post-2897","page","type-page","status-publish","hentry"],"acf":[],"yoast_head":"<!-- This site is optimized with the Yoast SEO plugin v23.3 - https:\/\/yoast.com\/wordpress\/plugins\/seo\/ -->\n<title>clinique entourfamille<\/title>\n<meta name=\"description\" content=\"Nous vous \u00e9crivons aujourd\u2019hui pour vous informer que notre clinique va fermer ses portes le 15 octobre 2024, une d\u00e9cision qui a \u00e9t\u00e9 m\u00fbrement r\u00e9fl\u00e9chie. Bien que cette nouvelle entraine la fin de notre offre de services directs, nous nous engageons \u00e0 assurer une transition en douceur pour l\u2019ensemble de nos clients.\" \/>\n<meta name=\"robots\" content=\"index, follow, max-snippet:-1, max-image-preview:large, max-video-preview:-1\" \/>\n<link rel=\"canonical\" href=\"https:\/\/entourfamille.ca\/fr\/\" \/>\n<meta property=\"og:locale\" content=\"fr_FR\" \/>\n<meta property=\"og:type\" content=\"article\" \/>\n<meta property=\"og:title\" content=\"clinique entourfamille\" \/>\n<meta property=\"og:description\" content=\"Nous vous \u00e9crivons aujourd\u2019hui pour vous informer que notre clinique va fermer ses portes le 15 octobre 2024, une d\u00e9cision qui a \u00e9t\u00e9 m\u00fbrement r\u00e9fl\u00e9chie. Bien que cette nouvelle entraine la fin de notre offre de services directs, nous nous engageons \u00e0 assurer une transition en douceur pour l\u2019ensemble de nos clients.\" \/>\n<meta property=\"og:url\" content=\"https:\/\/entourfamille.ca\/fr\/\" \/>\n<meta property=\"og:site_name\" content=\"Clinique entourfamille\" \/>\n<meta property=\"article:publisher\" content=\"https:\/\/www.facebook.com\/entourfamille\" \/>\n<meta property=\"article:modified_time\" content=\"2024-10-03T22:29:48+00:00\" \/>\n<meta property=\"og:image\" content=\"https:\/\/entourfamille.ca\/wp-content\/uploads\/2019\/02\/LOGO-RETINA.png\" \/>\n<meta name=\"twitter:card\" content=\"summary_large_image\" \/>\n<meta name=\"twitter:label1\" content=\"Dur\u00e9e de lecture estim\u00e9e\" \/>\n\t<meta name=\"twitter:data1\" content=\"3 minutes\" \/>\n<script type=\"application\/ld+json\" class=\"yoast-schema-graph\">{\"@context\":\"https:\/\/schema.org\",\"@graph\":[{\"@type\":\"WebPage\",\"@id\":\"https:\/\/entourfamille.ca\/fr\/\",\"url\":\"https:\/\/entourfamille.ca\/fr\/\",\"name\":\"clinique entourfamille\",\"isPartOf\":{\"@id\":\"https:\/\/entourfamille.ca\/#website\"},\"primaryImageOfPage\":{\"@id\":\"https:\/\/entourfamille.ca\/fr\/#primaryimage\"},\"image\":{\"@id\":\"https:\/\/entourfamille.ca\/fr\/#primaryimage\"},\"thumbnailUrl\":\"https:\/\/entourfamille.ca\/wp-content\/uploads\/2019\/02\/LOGO-RETINA.png\",\"datePublished\":\"2024-10-03T22:23:35+00:00\",\"dateModified\":\"2024-10-03T22:29:48+00:00\",\"description\":\"Nous vous \u00e9crivons aujourd\u2019hui pour vous informer que notre clinique va fermer ses portes le 15 octobre 2024, une d\u00e9cision qui a \u00e9t\u00e9 m\u00fbrement r\u00e9fl\u00e9chie. Bien que cette nouvelle entraine la fin de notre offre de services directs, nous nous engageons \u00e0 assurer une transition en douceur pour l\u2019ensemble de nos clients.\",\"breadcrumb\":{\"@id\":\"https:\/\/entourfamille.ca\/fr\/#breadcrumb\"},\"inLanguage\":\"fr-FR\",\"potentialAction\":[{\"@type\":\"ReadAction\",\"target\":[\"https:\/\/entourfamille.ca\/fr\/\"]}]},{\"@type\":\"ImageObject\",\"inLanguage\":\"fr-FR\",\"@id\":\"https:\/\/entourfamille.ca\/fr\/#primaryimage\",\"url\":\"https:\/\/entourfamille.ca\/wp-content\/uploads\/2019\/02\/LOGO-RETINA.png\",\"contentUrl\":\"https:\/\/entourfamille.ca\/wp-content\/uploads\/2019\/02\/LOGO-RETINA.png\"},{\"@type\":\"BreadcrumbList\",\"@id\":\"https:\/\/entourfamille.ca\/fr\/#breadcrumb\",\"itemListElement\":[{\"@type\":\"ListItem\",\"position\":1,\"name\":\"Home\",\"item\":\"https:\/\/entourfamille.ca\/fr\/\"},{\"@type\":\"ListItem\",\"position\":2,\"name\":\"Fermeture\"}]},{\"@type\":\"WebSite\",\"@id\":\"https:\/\/entourfamille.ca\/#website\",\"url\":\"https:\/\/entourfamille.ca\/\",\"name\":\"Clinique entourfamille\",\"description\":\"Providing guidance and solutions around developmental, social and academic growth\",\"publisher\":{\"@id\":\"https:\/\/entourfamille.ca\/#organization\"},\"potentialAction\":[{\"@type\":\"SearchAction\",\"target\":{\"@type\":\"EntryPoint\",\"urlTemplate\":\"https:\/\/entourfamille.ca\/?s={search_term_string}\"},\"query-input\":\"required name=search_term_string\"}],\"inLanguage\":\"fr-FR\"},{\"@type\":\"Organization\",\"@id\":\"https:\/\/entourfamille.ca\/#organization\",\"name\":\"Clinique entourfamille\",\"url\":\"https:\/\/entourfamille.ca\/\",\"logo\":{\"@type\":\"ImageObject\",\"inLanguage\":\"fr-FR\",\"@id\":\"https:\/\/entourfamille.ca\/#\/schema\/logo\/image\/\",\"url\":\"https:\/\/entourfamille.ca\/wp-content\/uploads\/2020\/08\/LOGO-RETINA.png\",\"contentUrl\":\"https:\/\/entourfamille.ca\/wp-content\/uploads\/2020\/08\/LOGO-RETINA.png\",\"width\":960,\"height\":352,\"caption\":\"Clinique entourfamille\"},\"image\":{\"@id\":\"https:\/\/entourfamille.ca\/#\/schema\/logo\/image\/\"},\"sameAs\":[\"https:\/\/www.facebook.com\/entourfamille\",\"https:\/\/www.instagram.com\/clinique_entourfamille\/\"]}]}<\/script>\n<!-- \/ Yoast SEO plugin. -->","yoast_head_json":{"title":"clinique entourfamille","description":"Nous vous \u00e9crivons aujourd\u2019hui pour vous informer que notre clinique va fermer ses portes le 15 octobre 2024, une d\u00e9cision qui a \u00e9t\u00e9 m\u00fbrement r\u00e9fl\u00e9chie. Bien que cette nouvelle entraine la fin de notre offre de services directs, nous nous engageons \u00e0 assurer une transition en douceur pour l\u2019ensemble de nos clients.","robots":{"index":"index","follow":"follow","max-snippet":"max-snippet:-1","max-image-preview":"max-image-preview:large","max-video-preview":"max-video-preview:-1"},"canonical":"https:\/\/entourfamille.ca\/fr\/","og_locale":"fr_FR","og_type":"article","og_title":"clinique entourfamille","og_description":"Nous vous \u00e9crivons aujourd\u2019hui pour vous informer que notre clinique va fermer ses portes le 15 octobre 2024, une d\u00e9cision qui a \u00e9t\u00e9 m\u00fbrement r\u00e9fl\u00e9chie. Bien que cette nouvelle entraine la fin de notre offre de services directs, nous nous engageons \u00e0 assurer une transition en douceur pour l\u2019ensemble de nos clients.","og_url":"https:\/\/entourfamille.ca\/fr\/","og_site_name":"Clinique entourfamille","article_publisher":"https:\/\/www.facebook.com\/entourfamille","article_modified_time":"2024-10-03T22:29:48+00:00","og_image":[{"url":"https:\/\/entourfamille.ca\/wp-content\/uploads\/2019\/02\/LOGO-RETINA.png"}],"twitter_card":"summary_large_image","twitter_misc":{"Dur\u00e9e de lecture estim\u00e9e":"3 minutes"},"schema":{"@context":"https:\/\/schema.org","@graph":[{"@type":"WebPage","@id":"https:\/\/entourfamille.ca\/fr\/","url":"https:\/\/entourfamille.ca\/fr\/","name":"clinique entourfamille","isPartOf":{"@id":"https:\/\/entourfamille.ca\/#website"},"primaryImageOfPage":{"@id":"https:\/\/entourfamille.ca\/fr\/#primaryimage"},"image":{"@id":"https:\/\/entourfamille.ca\/fr\/#primaryimage"},"thumbnailUrl":"https:\/\/entourfamille.ca\/wp-content\/uploads\/2019\/02\/LOGO-RETINA.png","datePublished":"2024-10-03T22:23:35+00:00","dateModified":"2024-10-03T22:29:48+00:00","description":"Nous vous \u00e9crivons aujourd\u2019hui pour vous informer que notre clinique va fermer ses portes le 15 octobre 2024, une d\u00e9cision qui a \u00e9t\u00e9 m\u00fbrement r\u00e9fl\u00e9chie. Bien que cette nouvelle entraine la fin de notre offre de services directs, nous nous engageons \u00e0 assurer une transition en douceur pour l\u2019ensemble de nos clients.","breadcrumb":{"@id":"https:\/\/entourfamille.ca\/fr\/#breadcrumb"},"inLanguage":"fr-FR","potentialAction":[{"@type":"ReadAction","target":["https:\/\/entourfamille.ca\/fr\/"]}]},{"@type":"ImageObject","inLanguage":"fr-FR","@id":"https:\/\/entourfamille.ca\/fr\/#primaryimage","url":"https:\/\/entourfamille.ca\/wp-content\/uploads\/2019\/02\/LOGO-RETINA.png","contentUrl":"https:\/\/entourfamille.ca\/wp-content\/uploads\/2019\/02\/LOGO-RETINA.png"},{"@type":"BreadcrumbList","@id":"https:\/\/entourfamille.ca\/fr\/#breadcrumb","itemListElement":[{"@type":"ListItem","position":1,"name":"Home","item":"https:\/\/entourfamille.ca\/fr\/"},{"@type":"ListItem","position":2,"name":"Fermeture"}]},{"@type":"WebSite","@id":"https:\/\/entourfamille.ca\/#website","url":"https:\/\/entourfamille.ca\/","name":"Clinique entourfamille","description":"Providing guidance and solutions around developmental, social and academic growth","publisher":{"@id":"https:\/\/entourfamille.ca\/#organization"},"potentialAction":[{"@type":"SearchAction","target":{"@type":"EntryPoint","urlTemplate":"https:\/\/entourfamille.ca\/?s={search_term_string}"},"query-input":"required name=search_term_string"}],"inLanguage":"fr-FR"},{"@type":"Organization","@id":"https:\/\/entourfamille.ca\/#organization","name":"Clinique entourfamille","url":"https:\/\/entourfamille.ca\/","logo":{"@type":"ImageObject","inLanguage":"fr-FR","@id":"https:\/\/entourfamille.ca\/#\/schema\/logo\/image\/","url":"https:\/\/entourfamille.ca\/wp-content\/uploads\/2020\/08\/LOGO-RETINA.png","contentUrl":"https:\/\/entourfamille.ca\/wp-content\/uploads\/2020\/08\/LOGO-RETINA.png","width":960,"height":352,"caption":"Clinique entourfamille"},"image":{"@id":"https:\/\/entourfamille.ca\/#\/schema\/logo\/image\/"},"sameAs":["https:\/\/www.facebook.com\/entourfamille","https:\/\/www.instagram.com\/clinique_entourfamille\/"]}]}},"_links":{"self":[{"href":"https:\/\/entourfamille.ca\/fr\/wp-json\/wp\/v2\/pages\/2897"}],"collection":[{"href":"https:\/\/entourfamille.ca\/fr\/wp-json\/wp\/v2\/pages"}],"about":[{"href":"https:\/\/entourfamille.ca\/fr\/wp-json\/wp\/v2\/types\/page"}],"author":[{"embeddable":true,"href":"https:\/\/entourfamille.ca\/fr\/wp-json\/wp\/v2\/users\/1"}],"replies":[{"embeddable":true,"href":"https:\/\/entourfamille.ca\/fr\/wp-json\/wp\/v2\/comments?post=2897"}],"version-history":[{"count":6,"href":"https:\/\/entourfamille.ca\/fr\/wp-json\/wp\/v2\/pages\/2897\/revisions"}],"predecessor-version":[{"id":2923,"href":"https:\/\/entourfamille.ca\/fr\/wp-json\/wp\/v2\/pages\/2897\/revisions\/2923"}],"wp:attachment":[{"href":"https:\/\/entourfamille.ca\/fr\/wp-json\/wp\/v2\/media?parent=2897"}],"curies":[{"name":"wp","href":"https:\/\/api.w.org\/{rel}","templated":true}]}}